{"id":3131,"date":"2023-04-19T22:16:24","date_gmt":"2023-04-19T20:16:24","guid":{"rendered":"https:\/\/krumpf.hansetrans.biz\/about-us\/contact\/"},"modified":"2023-07-25T19:19:26","modified_gmt":"2023-07-25T17:19:26","slug":"contact","status":"publish","type":"page","link":"https:\/\/krumpf.de\/en\/about-us\/contact\/","title":{"rendered":"Contact"},"content":{"rendered":"<div id=\"more\" class=\"fusion-container-anchor\"><div class=\"fusion-fullwidth fullwidth-box fusion-builder-row-1 fusion-flex-container nonhundred-percent-fullwidth non-hundred-percent-height-scrolling\" style=\"--awb-border-radius-top-left:0px;--awb-border-radius-top-right:0px;--awb-border-radius-bottom-right:0px;--awb-border-radius-bottom-left:0px;--awb-flex-wrap:wrap;\" ><div class=\"fusion-builder-row fusion-row fusion-flex-align-items-flex-start fusion-flex-content-wrap\" style=\"max-width:1144px;margin-left: calc(-4% \/ 2 );margin-right: calc(-4% \/ 2 );\"><div class=\"fusion-layout-column fusion_builder_column fusion-builder-column-0 fusion_builder_column_2_3 2_3 fusion-flex-column\" style=\"--awb-bg-size:cover;--awb-width-large:66.6666666667%;--awb-margin-top-large:0px;--awb-spacing-right-large:2.88%;--awb-margin-bottom-large:20px;--awb-spacing-left-large:2.88%;--awb-width-medium:100%;--awb-spacing-right-medium:1.92%;--awb-spacing-left-medium:1.92%;--awb-width-small:100%;--awb-spacing-right-small:1.92%;--awb-spacing-left-small:1.92%;\"><div class=\"fusion-column-wrapper fusion-column-has-shadow fusion-flex-justify-content-flex-start fusion-content-layout-column\"><div class=\"fusion-separator fusion-full-width-sep\" style=\"align-self: center;margin-left: auto;margin-right: auto;margin-top:50px;width:100%;\"><\/div><div class=\"fusion-form fusion-form-builder fusion-form-form-wrapper fusion-form-2268\" style=\"--awb-tooltip-text-color:var(--awb-color1);--awb-tooltip-background-color:var(--awb-color8);--awb-form-input-height:62px;--awb-form-bg-color:hsla(var(--awb-color1-h),var(--awb-color1-s),var(--awb-color1-l),calc(var(--awb-color1-a) - 100%));--awb-form-select-bg:var(--awb-color1);--awb-form-font-size:24px;--awb-form-placeholder-color:hsla(var(--awb-color8-h),var(--awb-color8-s),var(--awb-color8-l),calc(var(--awb-color8-a) - 80%));--awb-form-text-color:var(--awb-color8);--awb-form-label-color:var(--awb-color8);--awb-form-border-color:hsla(var(--awb-color8-h),var(--awb-color8-s),var(--awb-color8-l),calc(var(--awb-color8-a) - 70%));--awb-form-focus-border-color:var(--awb-color5);--awb-form-focus-border-hover-color:hsla(var(--awb-color5-h),var(--awb-color5-s),var(--awb-color5-l),calc(var(--awb-color5-a) - 50%));\" data-form-id=\"2268\" data-config=\"{&quot;form_id&quot;:2268,&quot;form_post_id&quot;:2268,&quot;post_id&quot;:3131,&quot;form_type&quot;:&quot;ajax&quot;,&quot;confirmation_type&quot;:&quot;message&quot;,&quot;redirect_url&quot;:&quot;&quot;,&quot;field_labels&quot;:{&quot;first_name&quot;:&quot;&quot;,&quot;last_name&quot;:&quot;&quot;,&quot;email_address&quot;:&quot;&quot;,&quot;message&quot;:&quot;&quot;,&quot;Datenschutzerkl\\u00e4rung &quot;:&quot;&quot;},&quot;field_logics&quot;:{&quot;first_name&quot;:&quot;&quot;,&quot;last_name&quot;:&quot;&quot;,&quot;email_address&quot;:&quot;&quot;,&quot;message&quot;:&quot;&quot;,&quot;notice_1&quot;:&quot;&quot;,&quot;Datenschutzerkl\\u00e4rung &quot;:&quot;&quot;,&quot;submit_1&quot;:&quot;&quot;},&quot;field_types&quot;:{&quot;first_name&quot;:&quot;text&quot;,&quot;last_name&quot;:&quot;text&quot;,&quot;email_address&quot;:&quot;email&quot;,&quot;message&quot;:&quot;textarea&quot;,&quot;notice_1&quot;:&quot;notice&quot;,&quot;Datenschutzerkl\\u00e4rung &quot;:&quot;consent&quot;,&quot;street&quot;:&quot;honeypot&quot;,&quot;submit_1&quot;:&quot;submit&quot;},&quot;nonce_method&quot;:&quot;ajax&quot;,&quot;form_views&quot;:&quot;ajax&quot;,&quot;form_views_counting&quot;:&quot;all&quot;}\"><form action=\"https:\/\/krumpf.de\/en\/about-us\/contact\/\" method=\"post\" class=\"fusion-form fusion-form-2268\"><div class=\"fusion-fullwidth fullwidth-box fusion-builder-row-1-1 fusion-flex-container nonhundred-percent-fullwidth non-hundred-percent-height-scrolling\" style=\"--awb-border-sizes-top:0px;--awb-border-sizes-bottom:0px;--awb-border-sizes-left:0px;--awb-border-sizes-right:0px;--awb-border-radius-top-left:0px;--awb-border-radius-top-right:0px;--awb-border-radius-bottom-right:0px;--awb-border-radius-bottom-left:0px;--awb-margin-top:0px;--awb-margin-bottom:0px;--awb-flex-wrap:wrap;\" ><div class=\"fusion-builder-row fusion-row fusion-flex-align-items-flex-start fusion-flex-content-wrap\" style=\"width:103% !important;max-width:103% !important;margin-left: calc(-3% \/ 2 );margin-right: calc(-3% \/ 2 );\"><div class=\"fusion-layout-column fusion_builder_column fusion-builder-column-1 fusion_builder_column_1_1 1_1 fusion-flex-column keinblocksatz\" style=\"--awb-bg-size:cover;--awb-width-large:100%;--awb-flex-grow:0;--awb-flex-shrink:0;--awb-margin-top-large:0px;--awb-spacing-right-large:1.455%;--awb-margin-bottom-large:0px;--awb-spacing-left-large:1.455%;--awb-width-medium:100%;--awb-order-medium:0;--awb-flex-grow-medium:0;--awb-flex-shrink-medium:0;--awb-spacing-right-medium:1.455%;--awb-spacing-left-medium:1.455%;--awb-width-small:100%;--awb-order-small:0;--awb-flex-grow-small:0;--awb-flex-shrink-small:0;--awb-spacing-right-small:1.455%;--awb-spacing-left-small:1.455%;\" data-scroll-devices=\"small-visibility,medium-visibility,large-visibility\"><div class=\"fusion-column-wrapper fusion-column-has-shadow fusion-flex-justify-content-flex-start fusion-content-layout-column\"><div class=\"fusion-text fusion-text-1 fusion-text-no-margin\" style=\"--awb-font-size:20px;--awb-line-height:30px;--awb-letter-spacing:-0.006em;--awb-text-transform:var(--awb-typography1-text-transform);--awb-text-color:#8e8e95;--awb-margin-top:12px;--awb-margin-bottom:0px;--awb-text-font-family:&quot;Inter&quot;;--awb-text-font-style:normal;--awb-text-font-weight:600;\"><p>Vorname:<\/p>\n<\/div><div class=\"fusion-form-field fusion-form-text-field fusion-form-label-above\" style=\"\" data-form-id=\"2268\"><input type=\"text\" autocomplete=\"off\" name=\"first_name\" id=\"first_name\" value=\"\"  class=\"fusion-form-input\" data-holds-private-data=\"false\" minlength=\"0\"\/><\/div><div class=\"fusion-text fusion-text-2 fusion-text-no-margin\" style=\"--awb-font-size:20px;--awb-line-height:30px;--awb-letter-spacing:-0.006em;--awb-text-transform:var(--awb-typography1-text-transform);--awb-text-color:#8e8e95;--awb-margin-top:12px;--awb-margin-bottom:0px;--awb-text-font-family:&quot;Inter&quot;;--awb-text-font-style:normal;--awb-text-font-weight:600;\"><p>Nachname:<\/p>\n<\/div><div class=\"fusion-form-field fusion-form-text-field fusion-form-label-above\" style=\"\" data-form-id=\"2268\"><input type=\"text\" autocomplete=\"off\" name=\"last_name\" id=\"last_name\" value=\"\"  class=\"fusion-form-input\" data-holds-private-data=\"false\" minlength=\"0\"\/><\/div><div class=\"fusion-text fusion-text-3 fusion-text-no-margin\" style=\"--awb-font-size:20px;--awb-line-height:30px;--awb-letter-spacing:-0.006em;--awb-text-transform:var(--awb-typography1-text-transform);--awb-text-color:#8e8e95;--awb-margin-top:12px;--awb-margin-bottom:0px;--awb-text-font-family:&quot;Inter&quot;;--awb-text-font-style:normal;--awb-text-font-weight:600;\"><p>E-Mail-Adresse*<\/p>\n<\/div><div class=\"fusion-form-field fusion-form-email-field fusion-form-label-above\" style=\"\" data-form-id=\"2268\"><input type=\"email\" autocomplete=\"off\" name=\"email_address\" id=\"email_address\" value=\"\"  class=\"fusion-form-input\" required=\"true\" aria-required=\"true\" data-holds-private-data=\"false\"\/><\/div><div class=\"fusion-text fusion-text-4 fusion-text-no-margin\" style=\"--awb-font-size:20px;--awb-line-height:30px;--awb-letter-spacing:-0.006em;--awb-text-transform:var(--awb-typography1-text-transform);--awb-text-color:#8e8e95;--awb-margin-top:12px;--awb-margin-bottom:0px;--awb-text-font-family:&quot;Inter&quot;;--awb-text-font-style:normal;--awb-text-font-weight:600;\"><p>Ihre Nachricht an uns:<\/p>\n<\/div><div class=\"fusion-form-field fusion-form-textarea-field fusion-form-label-above\" style=\"\" data-form-id=\"2268\"><textarea cols=\"40\" autocomplete=\"off\"  minlength=\"0\"  rows=\"4\" tabindex=\"\" id=\"message\" name=\"message\" class=\"fusion-form-input\" required=\"true\" aria-required=\"true\" data-holds-private-data=\"false\"><\/textarea><\/div><div class=\"form-submission-notices data-notice_1\" id=\"fusion-notices-1\"><div class=\"fusion-alert alert success alert-success fusion-alert-center fusion-form-response fusion-form-response-success awb-alert-native-link-color alert-dismissable awb-alert-close-boxed\" role=\"alert\"><div class=\"fusion-alert-content-wrapper\"><span class=\"alert-icon\"><i class=\"awb-icon-check-circle\" aria-hidden=\"true\"><\/i><\/span><span class=\"fusion-alert-content\">Vielen Dank f\u00fcr Ihre Nachricht. Wir melden uns schnellstm\u00f6glich bei Ihnen.<\/span><\/div><button type=\"button\" class=\"close toggle-alert\" data-dismiss=\"alert\" aria-label=\"Close\">&times;<\/button><\/div><div class=\"fusion-alert alert error alert-danger fusion-alert-center fusion-form-response fusion-form-response-error awb-alert-native-link-color alert-dismissable awb-alert-close-boxed\" role=\"alert\"><div class=\"fusion-alert-content-wrapper\"><span class=\"alert-icon\"><i class=\"awb-icon-exclamation-triangle\" aria-hidden=\"true\"><\/i><\/span><span class=\"fusion-alert-content\">Es gab einen Fehler. Bitte versuchen Sie es sp\u00e4ter noch mal oder \u00fcberpr\u00fcfen Ihre Angaben.<\/span><\/div><button type=\"button\" class=\"close toggle-alert\" data-dismiss=\"alert\" aria-label=\"Close\">&times;<\/button><\/div><\/div><div class=\"fusion-form-field fusion-form-consent-field fusion-form-label-above keinblocksatz\" style=\"\" data-form-id=\"2268\"><div class=\"fusion-form-checkbox option-inline\"><input tabindex=\"\" id=\"Datenschutzerkl\u00e4rung \" type=\"checkbox\" value=\"1\" name=\"Datenschutzerkl\u00e4rung \" class=\"fusion-form-input\" required=\"true\" aria-required=\"true\"\/><label for=\"Datenschutzerkl\u00e4rung \">Ich habe die Datenschutzerkl\u00e4rung zur Kenntnis genommen.<\/label><\/div><\/div><div class=\"fusion-text fusion-text-5\"><p><em><a href=\"https:\/\/krumpf.de\/ueber-uns\/datenschutz\/\" target=\"_blank\" rel=\"noopener\">Klicken Sie hier, um die Datenschutzerkl\u00e4rung zu lesen.<\/a><\/em><\/p>\n<\/div><div class=\"fusion-form-field fusion-form-honeypot-field fusion-form-label-above\" style=\"\" data-form-id=\"2268\"><input type=\"hidden\" tabindex=\"-1\" name=\"street\" class=\"fusion-form-input\" autocomplete=\"hypot-69da2b64ec6e8\" aria-hidden=\"true\" data-fusion-is-honeypot=\"true\"><\/div><div class=\"fusion-form-field fusion-form-submit-field fusion-form-label-above\" style=\"\" data-form-id=\"2268\"><div ><button type=\"submit\" class=\"fusion-button button-flat fusion-button-default-size button-default fusion-button-default button-1 fusion-button-default-span  button-default form-form-submit\" data-form-number=\"2268\" tabindex=\"\"><span class=\"fusion-button-text awb-button__text awb-button__text--default\">Absenden<\/span><\/button><\/div><\/div><div class=\"fusion-text fusion-text-6\"><p>*erforderlich.<\/p>\n<\/div>\n<\/div><\/div><\/div><\/div><input type=\"hidden\" name=\"fusion_privacy_store_ip_ua\" value=\"false\"><input type=\"hidden\" name=\"fusion_privacy_expiration_interval\" value=\"48\"><input type=\"hidden\" name=\"privacy_expiration_action\" value=\"anonymize\"><\/form><\/div><\/div><\/div><div class=\"fusion-layout-column fusion_builder_column fusion-builder-column-2 fusion_builder_column_1_3 1_3 fusion-flex-column\" style=\"--awb-bg-size:cover;--awb-width-large:33.3333333333%;--awb-flex-grow:0;--awb-flex-shrink:0;--awb-margin-top-large:0px;--awb-spacing-right-large:5.76%;--awb-margin-bottom-large:20px;--awb-spacing-left-large:5.76%;--awb-width-medium:100%;--awb-flex-grow-medium:0;--awb-flex-shrink-medium:0;--awb-spacing-right-medium:1.92%;--awb-spacing-left-medium:1.92%;--awb-width-small:100%;--awb-flex-grow-small:0;--awb-flex-shrink-small:0;--awb-spacing-right-small:1.92%;--awb-spacing-left-small:1.92%;\"><div class=\"fusion-column-wrapper fusion-column-has-shadow fusion-flex-justify-content-flex-start fusion-content-layout-column\"><div class=\"fusion-text fusion-text-7\"><h4 class=\"widget-title\">Locations<\/h4>\n<p><b>HANSETRANS M\u00f6bel-Transport GmbH International Department Krumpf<\/b><br \/>\nOttensener Str. 10<br \/>\n22525 Hamburg<br \/>\nTel.: 040 54 88 76 54 &#8211; info@krumpf.de<\/p>\n<p><b>HANSETRANS M\u00f6bel-Transport GmbH International Department Krumpf &#8211; Passau<\/b><br \/>\nTel.: 0851 379 30 545<\/p>\n<\/div><\/div><\/div><\/div><\/div><\/div>\n","protected":false},"excerpt":{"rendered":"","protected":false},"author":1,"featured_media":2959,"parent":3055,"menu_order":0,"comment_status":"closed","ping_status":"closed","template":"","meta":{"footnotes":""},"class_list":["post-3131","page","type-page","status-publish","has-post-thumbnail","hentry"],"yoast_head":"<!-- This site is optimized with the Yoast SEO plugin v27.3 - https:\/\/yoast.com\/product\/yoast-seo-wordpress\/ -->\n<title>Contact \u2714\ufe0f HANSETRANS M\u00f6bel-Transport GmbH International Department Krumpf<\/title>\n<meta name=\"robots\" content=\"index, follow, max-snippet:-1, max-image-preview:large, max-video-preview:-1\" \/>\n<link rel=\"canonical\" href=\"https:\/\/krumpf.de\/en\/about-us\/contact\/\" \/>\n<meta property=\"og:locale\" content=\"en_US\" \/>\n<meta property=\"og:type\" content=\"article\" \/>\n<meta property=\"og:title\" content=\"Contact \u2714\ufe0f HANSETRANS M\u00f6bel-Transport GmbH International Department Krumpf\" \/>\n<meta property=\"og:url\" content=\"https:\/\/krumpf.de\/en\/about-us\/contact\/\" \/>\n<meta property=\"og:site_name\" content=\"HANSETRANS M\u00f6bel-Transport GmbH International Department Krumpf\" \/>\n<meta property=\"article:modified_time\" content=\"2023-07-25T17:19:26+00:00\" \/>\n<meta property=\"og:image\" content=\"https:\/\/krumpf.de\/wp-content\/uploads\/Markus-Kornexl-2021-12-09-12.39.01-krumpf_133323794.jpg\" \/>\n\t<meta property=\"og:image:width\" content=\"2000\" \/>\n\t<meta property=\"og:image:height\" content=\"1225\" \/>\n\t<meta property=\"og:image:type\" content=\"image\/jpeg\" \/>\n<meta name=\"twitter:card\" content=\"summary_large_image\" \/>\n<meta name=\"twitter:label1\" content=\"Est. reading time\" \/>\n\t<meta name=\"twitter:data1\" content=\"4 minutes\" \/>\n<script type=\"application\/ld+json\" class=\"yoast-schema-graph\">{\"@context\":\"https:\\\/\\\/schema.org\",\"@graph\":[{\"@type\":\"WebPage\",\"@id\":\"https:\\\/\\\/krumpf.de\\\/en\\\/about-us\\\/contact\\\/\",\"url\":\"https:\\\/\\\/krumpf.de\\\/en\\\/about-us\\\/contact\\\/\",\"name\":\"Contact \u2714\ufe0f HANSETRANS M\u00f6bel-Transport GmbH International Department Krumpf\",\"isPartOf\":{\"@id\":\"https:\\\/\\\/krumpf.de\\\/en\\\/#website\"},\"primaryImageOfPage\":{\"@id\":\"https:\\\/\\\/krumpf.de\\\/en\\\/about-us\\\/contact\\\/#primaryimage\"},\"image\":{\"@id\":\"https:\\\/\\\/krumpf.de\\\/en\\\/about-us\\\/contact\\\/#primaryimage\"},\"thumbnailUrl\":\"https:\\\/\\\/krumpf.de\\\/wp-content\\\/uploads\\\/Markus-Kornexl-2021-12-09-12.39.01-krumpf_133323794.jpg\",\"datePublished\":\"2023-04-19T20:16:24+00:00\",\"dateModified\":\"2023-07-25T17:19:26+00:00\",\"breadcrumb\":{\"@id\":\"https:\\\/\\\/krumpf.de\\\/en\\\/about-us\\\/contact\\\/#breadcrumb\"},\"inLanguage\":\"en-US\",\"potentialAction\":[{\"@type\":\"ReadAction\",\"target\":[\"https:\\\/\\\/krumpf.de\\\/en\\\/about-us\\\/contact\\\/\"]}]},{\"@type\":\"ImageObject\",\"inLanguage\":\"en-US\",\"@id\":\"https:\\\/\\\/krumpf.de\\\/en\\\/about-us\\\/contact\\\/#primaryimage\",\"url\":\"https:\\\/\\\/krumpf.de\\\/wp-content\\\/uploads\\\/Markus-Kornexl-2021-12-09-12.39.01-krumpf_133323794.jpg\",\"contentUrl\":\"https:\\\/\\\/krumpf.de\\\/wp-content\\\/uploads\\\/Markus-Kornexl-2021-12-09-12.39.01-krumpf_133323794.jpg\",\"width\":2000,\"height\":1225},{\"@type\":\"BreadcrumbList\",\"@id\":\"https:\\\/\\\/krumpf.de\\\/en\\\/about-us\\\/contact\\\/#breadcrumb\",\"itemListElement\":[{\"@type\":\"ListItem\",\"position\":1,\"name\":\"Startseite\",\"item\":\"https:\\\/\\\/krumpf.de\\\/en\\\/\"},{\"@type\":\"ListItem\",\"position\":2,\"name\":\"About us\",\"item\":\"https:\\\/\\\/krumpf.de\\\/en\\\/about-us\\\/\"},{\"@type\":\"ListItem\",\"position\":3,\"name\":\"Contact\"}]},{\"@type\":\"WebSite\",\"@id\":\"https:\\\/\\\/krumpf.de\\\/en\\\/#website\",\"url\":\"https:\\\/\\\/krumpf.de\\\/en\\\/\",\"name\":\"HANSETRANS M\u00f6bel-Transport GmbH International Department Krumpf\",\"description\":\"\",\"potentialAction\":[{\"@type\":\"SearchAction\",\"target\":{\"@type\":\"EntryPoint\",\"urlTemplate\":\"https:\\\/\\\/krumpf.de\\\/en\\\/?s={search_term_string}\"},\"query-input\":{\"@type\":\"PropertyValueSpecification\",\"valueRequired\":true,\"valueName\":\"search_term_string\"}}],\"inLanguage\":\"en-US\"}]}<\/script>\n<!-- \/ Yoast SEO plugin. -->","yoast_head_json":{"title":"Contact \u2714\ufe0f HANSETRANS M\u00f6bel-Transport GmbH International Department Krumpf","robots":{"index":"index","follow":"follow","max-snippet":"max-snippet:-1","max-image-preview":"max-image-preview:large","max-video-preview":"max-video-preview:-1"},"canonical":"https:\/\/krumpf.de\/en\/about-us\/contact\/","og_locale":"en_US","og_type":"article","og_title":"Contact \u2714\ufe0f HANSETRANS M\u00f6bel-Transport GmbH International Department Krumpf","og_url":"https:\/\/krumpf.de\/en\/about-us\/contact\/","og_site_name":"HANSETRANS M\u00f6bel-Transport GmbH International Department Krumpf","article_modified_time":"2023-07-25T17:19:26+00:00","og_image":[{"width":2000,"height":1225,"url":"https:\/\/krumpf.de\/wp-content\/uploads\/Markus-Kornexl-2021-12-09-12.39.01-krumpf_133323794.jpg","type":"image\/jpeg"}],"twitter_card":"summary_large_image","twitter_misc":{"Est. reading time":"4 minutes"},"schema":{"@context":"https:\/\/schema.org","@graph":[{"@type":"WebPage","@id":"https:\/\/krumpf.de\/en\/about-us\/contact\/","url":"https:\/\/krumpf.de\/en\/about-us\/contact\/","name":"Contact \u2714\ufe0f HANSETRANS M\u00f6bel-Transport GmbH International Department Krumpf","isPartOf":{"@id":"https:\/\/krumpf.de\/en\/#website"},"primaryImageOfPage":{"@id":"https:\/\/krumpf.de\/en\/about-us\/contact\/#primaryimage"},"image":{"@id":"https:\/\/krumpf.de\/en\/about-us\/contact\/#primaryimage"},"thumbnailUrl":"https:\/\/krumpf.de\/wp-content\/uploads\/Markus-Kornexl-2021-12-09-12.39.01-krumpf_133323794.jpg","datePublished":"2023-04-19T20:16:24+00:00","dateModified":"2023-07-25T17:19:26+00:00","breadcrumb":{"@id":"https:\/\/krumpf.de\/en\/about-us\/contact\/#breadcrumb"},"inLanguage":"en-US","potentialAction":[{"@type":"ReadAction","target":["https:\/\/krumpf.de\/en\/about-us\/contact\/"]}]},{"@type":"ImageObject","inLanguage":"en-US","@id":"https:\/\/krumpf.de\/en\/about-us\/contact\/#primaryimage","url":"https:\/\/krumpf.de\/wp-content\/uploads\/Markus-Kornexl-2021-12-09-12.39.01-krumpf_133323794.jpg","contentUrl":"https:\/\/krumpf.de\/wp-content\/uploads\/Markus-Kornexl-2021-12-09-12.39.01-krumpf_133323794.jpg","width":2000,"height":1225},{"@type":"BreadcrumbList","@id":"https:\/\/krumpf.de\/en\/about-us\/contact\/#breadcrumb","itemListElement":[{"@type":"ListItem","position":1,"name":"Startseite","item":"https:\/\/krumpf.de\/en\/"},{"@type":"ListItem","position":2,"name":"About us","item":"https:\/\/krumpf.de\/en\/about-us\/"},{"@type":"ListItem","position":3,"name":"Contact"}]},{"@type":"WebSite","@id":"https:\/\/krumpf.de\/en\/#website","url":"https:\/\/krumpf.de\/en\/","name":"HANSETRANS M\u00f6bel-Transport GmbH International Department Krumpf","description":"","potentialAction":[{"@type":"SearchAction","target":{"@type":"EntryPoint","urlTemplate":"https:\/\/krumpf.de\/en\/?s={search_term_string}"},"query-input":{"@type":"PropertyValueSpecification","valueRequired":true,"valueName":"search_term_string"}}],"inLanguage":"en-US"}]}},"_links":{"self":[{"href":"https:\/\/krumpf.de\/en\/wp-json\/wp\/v2\/pages\/3131","targetHints":{"allow":["GET"]}}],"collection":[{"href":"https:\/\/krumpf.de\/en\/wp-json\/wp\/v2\/pages"}],"about":[{"href":"https:\/\/krumpf.de\/en\/wp-json\/wp\/v2\/types\/page"}],"author":[{"embeddable":true,"href":"https:\/\/krumpf.de\/en\/wp-json\/wp\/v2\/users\/1"}],"replies":[{"embeddable":true,"href":"https:\/\/krumpf.de\/en\/wp-json\/wp\/v2\/comments?post=3131"}],"version-history":[{"count":0,"href":"https:\/\/krumpf.de\/en\/wp-json\/wp\/v2\/pages\/3131\/revisions"}],"up":[{"embeddable":true,"href":"https:\/\/krumpf.de\/en\/wp-json\/wp\/v2\/pages\/3055"}],"wp:featuredmedia":[{"embeddable":true,"href":"https:\/\/krumpf.de\/en\/wp-json\/wp\/v2\/media\/2959"}],"wp:attachment":[{"href":"https:\/\/krumpf.de\/en\/wp-json\/wp\/v2\/media?parent=3131"}],"curies":[{"name":"wp","href":"https:\/\/api.w.org\/{rel}","templated":true}]}}